{"id":101,"date":"2024-01-08T11:42:55","date_gmt":"2024-01-08T09:42:55","guid":{"rendered":"https:\/\/maccoffee.lv\/?page_id=101"},"modified":"2025-03-21T18:42:49","modified_gmt":"2025-03-21T16:42:49","slug":"contacts","status":"publish","type":"page","link":"https:\/\/maccoffee.lv\/en\/contacts\/","title":{"rendered":"<h4 style=\"color:#BB0C0C\">Get in touch<\/h4>"},"content":{"rendered":"<div data-elementor-type=\"wp-page\" data-elementor-id=\"101\" class=\"elementor elementor-101\">\n\t\t\t\t<div class=\"elementor-element elementor-element-4c09261 e-flex e-con-boxed e-con e-parent\" data-id=\"4c09261\" data-element_type=\"container\" data-e-type=\"container\" data-settings=\"{&quot;background_background&quot;:&quot;classic&quot;}\">\n\t\t\t\t\t<div class=\"e-con-inner\">\n\t\t\t\t<div class=\"elementor-element elementor-element-c0708a8 elementor-widget elementor-widget-spacer\" data-id=\"c0708a8\" data-element_type=\"widget\" data-e-type=\"widget\" data-widget_type=\"spacer.default\">\n\t\t\t\t<div class=\"elementor-widget-container\">\n\t\t\t\t\t\t\t<div class=\"elementor-spacer\">\n\t\t\t<div class=\"elementor-spacer-inner\"><\/div>\n\t\t<\/div>\n\t\t\t\t\t\t<\/div>\n\t\t\t\t<\/div>\n\t\t\t\t<div class=\"elementor-element elementor-element-2d37361 elementor-widget elementor-widget-heading\" data-id=\"2d37361\" data-element_type=\"widget\" data-e-type=\"widget\" data-widget_type=\"heading.default\">\n\t\t\t\t<div class=\"elementor-widget-container\">\n\t\t\t\t\t<h2 class=\"elementor-heading-title elementor-size-default\">Get in touch<\/h2>\t\t\t\t<\/div>\n\t\t\t\t<\/div>\n\t\t\t\t<div class=\"elementor-element elementor-element-a2970bc elementor-invisible elementor-widget elementor-widget-heading\" data-id=\"a2970bc\" data-element_type=\"widget\" data-e-type=\"widget\" data-settings=\"{&quot;_animation&quot;:&quot;fadeInUp&quot;,&quot;_animation_delay&quot;:300}\" data-widget_type=\"heading.default\">\n\t\t\t\t<div class=\"elementor-widget-container\">\n\t\t\t\t\t<h2 class=\"elementor-heading-title elementor-size-default\">SIA \u201cVOLDEM\u0100RS\u201d, Latvia, Riga,  3 Skaistkalnes str., LV-1004, ph.67614883<\/h2>\t\t\t\t<\/div>\n\t\t\t\t<\/div>\n\t\t<div class=\"elementor-element elementor-element-6d51610 e-flex e-con-boxed e-con e-child\" data-id=\"6d51610\" data-element_type=\"container\" data-e-type=\"container\" data-settings=\"{&quot;background_background&quot;:&quot;classic&quot;}\">\n\t\t\t\t\t<div class=\"e-con-inner\">\n\t\t\t\t<div class=\"elementor-element elementor-element-f76d1fc eael-contact-form-7-button-full-width elementor-widget__width-inherit elementor-widget elementor-widget-eael-contact-form-7\" data-id=\"f76d1fc\" data-element_type=\"widget\" data-e-type=\"widget\" data-widget_type=\"eael-contact-form-7.default\">\n\t\t\t\t<div class=\"elementor-widget-container\">\n\t\t\t\t\t<div class=\"eael-contact-form-7-wrapper\">\n                <div class=\"eael-contact-form eael-contact-form-7 eael-contact-form-f76d1fc placeholder-show eael-contact-form-align-default\"><div class=\"cf7sg-container\"><div id=\"cf7sg-form-%d1%84%d0%be%d1%80%d0%bc%d0%b0-%d0%b7%d0%b2%d0%be%d1%80%d0%be%d1%82%d0%bd%d1%8c%d0%be%d0%b3%d0%be-%d0%b7%d0%b2%d1%8f%d0%b7%d0%ba%d1%83_copy\" class=\"cf7-smart-grid has-grid key_%d1%84%d0%be%d1%80%d0%bc%d0%b0-%d0%b7%d0%b2%d0%be%d1%80%d0%be%d1%82%d0%bd%d1%8c%d0%be%d0%b3%d0%be-%d0%b7%d0%b2%d1%8f%d0%b7%d0%ba%d1%83_copy\">\n<div class=\"wpcf7 no-js\" id=\"wpcf7-f4381-o1\" lang=\"uk\" dir=\"ltr\" data-wpcf7-id=\"4381\">\n<div class=\"screen-reader-response\"><p role=\"status\" aria-live=\"polite\" aria-atomic=\"true\"><\/p> <ul><\/ul><\/div>\n<form action=\"\/en\/wp-json\/wp\/v2\/pages\/101#wpcf7-f4381-o1\" method=\"post\" class=\"wpcf7-form init\" aria-label=\"\u041a\u043e\u043d\u0442\u0430\u043a\u0442\u043d\u0430 \u0444\u043e\u0440\u043c\u0430\" novalidate=\"novalidate\" data-status=\"init\" data-trp-original-action=\"\/en\/wp-json\/wp\/v2\/pages\/101#wpcf7-f4381-o1\">\n<fieldset class=\"hidden-fields-container\"><input type=\"hidden\" name=\"_wpcf7\" value=\"4381\" \/><input type=\"hidden\" name=\"_wpcf7_version\" value=\"6.1.5\" \/><input type=\"hidden\" name=\"_wpcf7_locale\" value=\"uk\" \/><input type=\"hidden\" name=\"_wpcf7_unit_tag\" value=\"wpcf7-f4381-o1\" \/><input type=\"hidden\" name=\"_wpcf7_container_post\" value=\"0\" \/><input type=\"hidden\" name=\"_wpcf7_posted_data_hash\" value=\"\" \/><input type=\"hidden\" name=\"_wpcf7_key\" value=\"%d1%84%d0%be%d1%80%d0%bc%d0%b0-%d0%b7%d0%b2%d0%be%d1%80%d0%be%d1%82%d0%bd%d1%8c%d0%be%d0%b3%d0%be-%d0%b7%d0%b2%d1%8f%d0%b7%d0%ba%d1%83_copy\" \/><input type=\"hidden\" name=\"_cf7sg_toggles\" value=\"\" \/><input type=\"hidden\" name=\"_cf7sg_version\" value=\"4.15.8\" \/><input type=\"hidden\" name=\"_wpnonce\" value=\"e35652ca03\" \/>\n<\/fieldset>\n<div class=\"container\">\n  <div class=\"row\">\n    <div class=\"columns five\">\n      <div class=\"container\">\n        <div class=\"row\">\n          <div class=\"container\">\n            <div class=\"row\">\n              <div class=\"columns full\">\n                <div class=\"field\"><label><em><\/em><\/label><span class=\"wpcf7-form-control-wrap\" data-name=\"your-name\"><input size=\"40\" maxlength=\"400\" class=\"wpcf7-form-control wpcf7-text wpcf7-validates-as-required\" aria-required=\"true\" aria-invalid=\"false\" value=\"Nosaukums*\" type=\"text\" name=\"your-name\" \/><\/span>\n                <\/div>\n              <\/div>\n            <\/div>\n          <\/div>\n          <div class=\"container\">\n            <div class=\"row\">\n              <div class=\"columns full\">\n                <div class=\"field\"><label><em><\/em><\/label><span class=\"wpcf7-form-control-wrap\" data-name=\"your-email\"><input size=\"40\" maxlength=\"400\" class=\"wpcf7-form-control wpcf7-email wpcf7-validates-as-required wpcf7-text wpcf7-validates-as-email\" aria-required=\"true\" aria-invalid=\"false\" value=\"Email*\" type=\"email\" name=\"your-email\" \/><\/span>\n                <\/div>\n              <\/div>\n            <\/div>\n          <\/div>\n          <div class=\"container\">\n            <div class=\"row\">\n              <div class=\"columns full\">\n                <div class=\"field\"><label><em><\/em><\/label><span class=\"wpcf7-form-control-wrap\" data-name=\"your-subject\"><input size=\"40\" maxlength=\"400\" class=\"wpcf7-form-control wpcf7-text wpcf7-validates-as-required\" aria-required=\"true\" aria-invalid=\"false\" value=\"T\u0101lru\u0146a numurs\" type=\"text\" name=\"your-subject\" \/><\/span>\n                <\/div>\n              <\/div>\n            <\/div>\n          <\/div>\n          <div class=\"container\">\n            <div class=\"row\">\n              <div class=\"columns full\">\n                <div class=\"field acceptance\"><label for=\"\"><\/label><span class=\"wpcf7-form-control-wrap\" data-name=\"acceptance-439\"><span class=\"wpcf7-form-control wpcf7-acceptance optional\"><span class=\"wpcf7-list-item\"><label><input type=\"checkbox\" name=\"acceptance-439\" value=\"1\" aria-invalid=\"false\" \/><span class=\"wpcf7-list-item-label\">By clicking the button \u00abSend\u00bb , you confirm that you have read the <a href=\"https:\/\/maccoffee.lv\/en\/privacy_policy\/\" target=\"_blank\"> Priv\u0101tuma politika, s\u012bkdat\u0146u politika <\/a> and <a href=\"https:\/\/maccoffee.lv\/en\/terms_of_use\/\" target=\"_blank\">Lieto\u0161anas noteikumi.<\/a><\/span><\/label><\/span><\/span><\/span>\n                  <p class=\"info-tip\"><\/p>\n                <\/div>\n              <\/div>\n            <\/div>\n          <\/div>\n        <\/div>\n      <\/div>\n    <\/div>\n    <div class=\"columns seven\">\n      <div class=\"container\">\n        <div class=\"row\">\n          <div class=\"columns full\">\n            <div class=\"field\"><label><em><\/em><\/label><span class=\"wpcf7-form-control-wrap\" data-name=\"your-message\"><textarea cols=\"40\" rows=\"5\" maxlength=\"2000\" class=\"wpcf7-form-control wpcf7-textarea wpcf7-validates-as-required\" aria-required=\"true\" aria-invalid=\"false\" name=\"your-message\"><\/textarea><\/span>\n            <\/div>\n          <\/div>\n        <\/div>\n      <\/div>\n      <div class=\"container\">\n        <div class=\"row\">\n          <div class=\"columns two-thirds offset-four\">\n            <div class=\"field\"><label><\/label><input class=\"wpcf7-form-control wpcf7-submit has-spinner\" type=\"submit\" value=\"SEND\" \/>\n              <p class=\"info-tip\"><\/p>\n            <\/div>\n          <\/div>\n        <\/div>\n      <\/div>\n    <\/div>\n  <\/div>\n<\/div><div class=\"wpcf7-response-output\" aria-hidden=\"true\"><\/div>\n<input type=\"hidden\" name=\"trp-form-language\" value=\"en\"\/><\/form>\n<\/div>\n<\/div><\/div><\/div>\n            <\/div>\t\t\t\t<\/div>\n\t\t\t\t<\/div>\n\t\t\t\t\t<\/div>\n\t\t\t\t<\/div>\n\t\t\t\t<div class=\"elementor-element elementor-element-b659bc6 elementor-widget elementor-widget-spacer\" data-id=\"b659bc6\" data-element_type=\"widget\" data-e-type=\"widget\" data-widget_type=\"spacer.default\">\n\t\t\t\t<div class=\"elementor-widget-container\">\n\t\t\t\t\t\t\t<div class=\"elementor-spacer\">\n\t\t\t<div class=\"elementor-spacer-inner\"><\/div>\n\t\t<\/div>\n\t\t\t\t\t\t<\/div>\n\t\t\t\t<\/div>\n\t\t\t\t<div class=\"elementor-element elementor-element-cd1eb8f elementor-hidden-desktop elementor-hidden-laptop elementor-hidden-tablet_extra elementor-hidden-tablet elementor-hidden-mobile_extra elementor-hidden-mobile elementor-widget elementor-widget-sina_contact_form\" data-id=\"cd1eb8f\" data-element_type=\"widget\" data-e-type=\"widget\" data-widget_type=\"sina_contact_form.default\">\n\t\t\t\t<div class=\"elementor-widget-container\">\n\t\t\t\t\t\t\t<div class=\"sina-form\">\r\n\t\t\t<form class=\"sina-contact-form\"\r\n\t\t\tdata-uid=\"cd1eb8f\"\r\n\t\t\tdata-from=\"https:\/\/maccoffee.lv\/\"\r\n\t\t\tdata-inbox=\"0950bbf799db4a318b1e0818ed2ffff0\"\r\n\t\t\tdata-captcha=\"yes\" action=\"\">\r\n\t\t\t\t\t\t\t\t\t<div class=\"sina-contact-input\">\r\n\t<div class=\"sina-contact-input-half\">\r\n\t\t<input class=\"sina-input-field sina-input-block sina-input-name\" type=\"text\" placeholder=\"\u0406\u043c&#039;\u044f *\" >\r\n\t\t<input class=\"sina-input-field sina-input-block sina-input-email\" type=\"email\" placeholder=\"Email *\" >\r\n\t\t<input class=\"sina-input-field sina-input-block sina-input-subject\" type=\"text\" placeholder=\"\u0422\u0435\u043b\u0435\u0444\u043e\u043d\" >\r\n\t<\/div>\r\n\t<div class=\"sina-contact-input-half\">\r\n\t\t<textarea class=\"sina-input-field sina-input-block sina-input-message\" placeholder=\"\"><\/textarea>\r\n\t<\/div>\r\n<\/div>\r\n<div class=\"sina-contact-input\">\r\n\t<!-- For Google Recaptcha -->\r\n\t\t\t<div class=\"sina-google-recaptcha\">\r\n\t\t\t<div class=\"g-recaptcha\" data-sitekey=\"6LdS9rspAAAAAAGOOaLmNLV1jEmaSL8WB-GKPBXW\"><\/div>\r\n\t\t<\/div>\r\n\t\r\n\t<button type=\"submit\" class=\"sina-button sina-contact-btn\">\r\n\t\t\t\t\u0412\u0406\u0414\u041f\u0420\u0410\u0412\u0418\u0422\u0418\t\t\t<\/button>\r\n<\/div>\t\t\t\t\r\n\t\t\t\t<p class=\"sina-success-text\">\u0414\u044f\u043a\u0443\u0454\u043c\u043e, \u043f\u043e\u0432\u0456\u0434\u043e\u043c\u043b\u0435\u043d\u043d\u044f \u043d\u0430\u0434\u0456\u0441\u043b\u0430\u043d\u043e!<\/p>\t\t\t\t<p class=\"sina-error-text\"><\/p>\r\n\t\t\t\t<p class=\"sina-process-text\">\u0412\u0456\u0434\u043f\u0440\u0430\u0432\u043a\u0430...<\/p>\r\n\r\n\t\t\t\t<input type=\"hidden\" id=\"sina_contact_noncecd1eb8f\" name=\"sina_contact_noncecd1eb8f\" value=\"87fb749bf8\" \/><input type=\"hidden\" name=\"_wp_http_referer\" value=\"\/en\/wp-json\/wp\/v2\/pages\/101\" \/>\t\t\t<input type=\"hidden\" name=\"trp-form-language\" value=\"en\"\/><\/form><!-- .sina-contact-form -->\r\n\t\t<\/div><!-- .sina-form -->\r\n\t\t\t\t\t\t<\/div>\n\t\t\t\t<\/div>\n\t\t\t\t<div class=\"elementor-element elementor-element-407a3aa elementor-widget elementor-widget-spacer\" data-id=\"407a3aa\" data-element_type=\"widget\" data-e-type=\"widget\" data-widget_type=\"spacer.default\">\n\t\t\t\t<div class=\"elementor-widget-container\">\n\t\t\t\t\t\t\t<div class=\"elementor-spacer\">\n\t\t\t<div class=\"elementor-spacer-inner\"><\/div>\n\t\t<\/div>\n\t\t\t\t\t\t<\/div>\n\t\t\t\t<\/div>\n\t\t\t\t\t<\/div>\n\t\t\t\t<\/div>\n\t\t\t\t<\/div>","protected":false},"excerpt":{"rendered":"<p>Kontakti SIA \u201cVOLDEM\u0100RS\u201d, Latvia, Riga, Skaistkalnes iela 3, LV-1004, T\u0101lr.67614883 Noklik\u0161\u0137inot uz pogas &#8220;S\u016bt\u012bt&#8221;, j\u016bs apstiprin\u0101t, ka piekr\u012btat izlas\u012bt Priv\u0101tuma [&hellip;]<\/p>\n","protected":false},"author":1,"featured_media":0,"parent":0,"menu_order":0,"comment_status":"closed","ping_status":"closed","template":"","meta":{"site-sidebar-layout":"no-sidebar","site-content-layout":"","ast-site-content-layout":"full-width-container","site-content-style":"default","site-sidebar-style":"default","ast-global-header-display":"disabled","ast-banner-title-visibility":"","ast-main-header-display":"","ast-hfb-above-header-display":"","ast-hfb-below-header-display":"","ast-hfb-mobile-header-display":"","site-post-title":"disabled","ast-breadcrumbs-content":"","ast-featured-img":"disabled","footer-sml-layout":"disabled","ast-disable-related-posts":"","theme-transparent-header-meta":"","adv-header-id-meta":"","stick-header-meta":"","header-above-stick-meta":"","header-main-stick-meta":"","header-below-stick-meta":"","astra-migrate-meta-layouts":"default","ast-page-background-enabled":"default","ast-page-background-meta":{"desktop":{"background-color":"var(--ast-global-color-4)","background-image":"","background-repeat":"repeat","background-position":"center center","background-size":"auto","background-attachment":"scroll","background-type":"","background-media":"","overlay-type":"","overlay-color":"","overlay-opacity":"","overlay-gradient":""},"tablet":{"background-color":"","background-image":"","background-repeat":"repeat","background-position":"center center","background-size":"auto","background-attachment":"scroll","background-type":"","background-media":"","overlay-type":"","overlay-color":"","overlay-opacity":"","overlay-gradient":""},"mobile":{"background-color":"","background-image":"","background-repeat":"repeat","background-position":"center center","background-size":"auto","background-attachment":"scroll","background-type":"","background-media":"","overlay-type":"","overlay-color":"","overlay-opacity":"","overlay-gradient":""}},"ast-content-background-meta":{"desktop":{"background-color":"var(--ast-global-color-5)","background-image":"","background-repeat":"repeat","background-position":"center center","background-size":"auto","background-attachment":"scroll","background-type":"","background-media":"","overlay-type":"","overlay-color":"","overlay-opacity":"","overlay-gradient":""},"tablet":{"background-color":"var(--ast-global-color-5)","background-image":"","background-repeat":"repeat","background-position":"center center","background-size":"auto","background-attachment":"scroll","background-type":"","background-media":"","overlay-type":"","overlay-color":"","overlay-opacity":"","overlay-gradient":""},"mobile":{"background-color":"var(--ast-global-color-5)","background-image":"","background-repeat":"repeat","background-position":"center center","background-size":"auto","background-attachment":"scroll","background-type":"","background-media":"","overlay-type":"","overlay-color":"","overlay-opacity":"","overlay-gradient":""}},"footnotes":""},"class_list":["post-101","page","type-page","status-publish","hentry"],"_links":{"self":[{"href":"https:\/\/maccoffee.lv\/en\/wp-json\/wp\/v2\/pages\/101","targetHints":{"allow":["GET"]}}],"collection":[{"href":"https:\/\/maccoffee.lv\/en\/wp-json\/wp\/v2\/pages"}],"about":[{"href":"https:\/\/maccoffee.lv\/en\/wp-json\/wp\/v2\/types\/page"}],"author":[{"embeddable":true,"href":"https:\/\/maccoffee.lv\/en\/wp-json\/wp\/v2\/users\/1"}],"replies":[{"embeddable":true,"href":"https:\/\/maccoffee.lv\/en\/wp-json\/wp\/v2\/comments?post=101"}],"version-history":[{"count":10,"href":"https:\/\/maccoffee.lv\/en\/wp-json\/wp\/v2\/pages\/101\/revisions"}],"predecessor-version":[{"id":7415,"href":"https:\/\/maccoffee.lv\/en\/wp-json\/wp\/v2\/pages\/101\/revisions\/7415"}],"wp:attachment":[{"href":"https:\/\/maccoffee.lv\/en\/wp-json\/wp\/v2\/media?parent=101"}],"curies":[{"name":"wp","href":"https:\/\/api.w.org\/{rel}","templated":true}]}}