{"id":4998,"date":"2024-05-08T00:48:13","date_gmt":"2024-05-07T21:48:13","guid":{"rendered":"https:\/\/maccoffee.lv\/?page_id=4998"},"modified":"2025-02-25T19:02:11","modified_gmt":"2025-02-25T17:02:11","slug":"privacy_policy","status":"publish","type":"page","link":"https:\/\/maccoffee.lv\/en\/privacy_policy\/","title":{"rendered":"\u041f\u041e\u041b\u0406\u0422\u0418\u041a\u0410 \u041a\u041e\u041d\u0424\u0406\u0414\u0415\u041d\u0426\u0406\u0419\u041d\u041e\u0421\u0422\u0406\u00a0\u0422\u041e\u0412 \u0424\u0415\u0421 \u0423\u041a\u0420"},"content":{"rendered":"<div data-elementor-type=\"wp-page\" data-elementor-id=\"4998\" class=\"elementor elementor-4998\">\n\t\t\t\t<div class=\"elementor-element elementor-element-3a42a1c e-con-full elementor-hidden-mobile e-flex e-con e-parent\" data-id=\"3a42a1c\" data-element_type=\"container\" data-e-type=\"container\" data-settings=\"{&quot;background_background&quot;:&quot;classic&quot;}\">\n\t\t<div class=\"elementor-element elementor-element-70d81e0 e-con-full e-flex e-con e-child\" data-id=\"70d81e0\" data-element_type=\"container\" data-e-type=\"container\">\n\t\t\t\t<\/div>\n\t\t<div class=\"elementor-element elementor-element-b48bb2d e-con-full e-flex e-con e-child\" data-id=\"b48bb2d\" data-element_type=\"container\" data-e-type=\"container\">\n\t\t\t\t<div class=\"elementor-element elementor-element-4058bfd elementor-widget elementor-widget-spacer\" data-id=\"4058bfd\" data-element_type=\"widget\" data-e-type=\"widget\" data-widget_type=\"spacer.default\">\n\t\t\t\t<div class=\"elementor-widget-container\">\n\t\t\t\t\t\t\t<div class=\"elementor-spacer\">\n\t\t\t<div class=\"elementor-spacer-inner\"><\/div>\n\t\t<\/div>\n\t\t\t\t\t\t<\/div>\n\t\t\t\t<\/div>\n\t\t\t\t<div class=\"elementor-element elementor-element-7b07f52 elementor-widget elementor-widget-spacer\" data-id=\"7b07f52\" data-element_type=\"widget\" data-e-type=\"widget\" data-widget_type=\"spacer.default\">\n\t\t\t\t<div class=\"elementor-widget-container\">\n\t\t\t\t\t\t\t<div class=\"elementor-spacer\">\n\t\t\t<div class=\"elementor-spacer-inner\"><\/div>\n\t\t<\/div>\n\t\t\t\t\t\t<\/div>\n\t\t\t\t<\/div>\n\t\t\t\t<\/div>\n\t\t<div class=\"elementor-element elementor-element-aed4776 e-con-full e-flex e-con e-child\" data-id=\"aed4776\" data-element_type=\"container\" data-e-type=\"container\">\n\t\t\t\t<\/div>\n\t\t<div class=\"elementor-element elementor-element-79f40b7 e-con-full e-flex e-con e-child\" data-id=\"79f40b7\" data-element_type=\"container\" data-e-type=\"container\">\n\t\t\t\t<\/div>\n\t\t\t\t<\/div>\n\t\t<div class=\"elementor-element elementor-element-3361d3f e-con-full e-flex e-con e-parent\" data-id=\"3361d3f\" data-element_type=\"container\" data-e-type=\"container\" data-settings=\"{&quot;background_background&quot;:&quot;classic&quot;}\">\n\t\t<div class=\"elementor-element elementor-element-ab91645 e-con-full e-flex e-con e-child\" data-id=\"ab91645\" data-element_type=\"container\" data-e-type=\"container\" data-settings=\"{&quot;background_background&quot;:&quot;classic&quot;}\">\n\t\t\t\t<div class=\"elementor-element elementor-element-813be83 elementor-widget elementor-widget-spacer\" data-id=\"813be83\" data-element_type=\"widget\" data-e-type=\"widget\" data-widget_type=\"spacer.default\">\n\t\t\t\t<div class=\"elementor-widget-container\">\n\t\t\t\t\t\t\t<div class=\"elementor-spacer\">\n\t\t\t<div class=\"elementor-spacer-inner\"><\/div>\n\t\t<\/div>\n\t\t\t\t\t\t<\/div>\n\t\t\t\t<\/div>\n\t\t\t\t<\/div>\n\t\t<div class=\"elementor-element elementor-element-0783065 e-con-full e-flex e-con e-child\" data-id=\"0783065\" data-element_type=\"container\" data-e-type=\"container\">\n\t\t\t\t<div class=\"elementor-element elementor-element-84a6ee6 elementor-position-inline-start elementor-mobile-position-inline-start elementor-view-default elementor-widget elementor-widget-icon-box\" data-id=\"84a6ee6\" data-element_type=\"widget\" data-e-type=\"widget\" data-widget_type=\"icon-box.default\">\n\t\t\t\t<div class=\"elementor-widget-container\">\n\t\t\t\t\t\t\t<div class=\"elementor-icon-box-wrapper\">\n\n\t\t\t\t\t\t<div class=\"elementor-icon-box-icon\">\n\t\t\t\t<a href=\"https:\/\/maccoffee.lv\/en\/\" class=\"elementor-icon\" tabindex=\"-1\" aria-label=\"Priv\u0101tuma politika\">\n\t\t\t\t<svg aria-hidden=\"true\" class=\"e-font-icon-svg e-fas-chevron-circle-left\" viewbox=\"0 0 512 512\" xmlns=\"http:\/\/www.w3.org\/2000\/svg\"><path d=\"M256 504C119 504 8 393 8 256S119 8 256 8s248 111 248 248-111 248-248 248zM142.1 273l135.5 135.5c9.4 9.4 24.6 9.4 33.9 0l17-17c9.4-9.4 9.4-24.6 0-33.9L226.9 256l101.6-101.6c9.4-9.4 9.4-24.6 0-33.9l-17-17c-9.4-9.4-24.6-9.4-33.9 0L142.1 239c-9.4 9.4-9.4 24.6 0 34z\"><\/path><\/svg>\t\t\t\t<\/a>\n\t\t\t<\/div>\n\t\t\t\n\t\t\t\t\t\t<div class=\"elementor-icon-box-content\">\n\n\t\t\t\t\t\t\t\t\t<h3 class=\"elementor-icon-box-title\">\n\t\t\t\t\t\t<a href=\"https:\/\/maccoffee.lv\/en\/\" >\n\t\t\t\t\t\t\tPriv\u0101tuma politika\t\t\t\t\t\t<\/a>\n\t\t\t\t\t<\/h3>\n\t\t\t\t\n\t\t\t\t\n\t\t\t<\/div>\n\t\t\t\n\t\t<\/div>\n\t\t\t\t\t\t<\/div>\n\t\t\t\t<\/div>\n\t\t\t\t<div class=\"elementor-element elementor-element-3e6de8f elementor-widget-mobile__width-initial elementor-widget elementor-widget-text-editor\" data-id=\"3e6de8f\" data-element_type=\"widget\" data-e-type=\"widget\" data-widget_type=\"text-editor.default\">\n\t\t\t\t<div class=\"elementor-widget-container\">\n\t\t\t\t\t\t\t\t\t<p>FUTURE ENTERPRISES PTE LTD (turpm\u0101k tekst\u0101 &#8220;Uz\u0146\u0113mums&#8221;) neapkopo un neapstr\u0101d\u0101 vietnes www.maccoffee.ua (turpm\u0101k tekst\u0101 &#8220;Vietne&#8221;) lietot\u0101ju personas datus. Lietot\u0101jam ir iesp\u0113ja sazin\u0101ties ar uz\u0146\u0113mumu vai uzrakst\u012bt savas v\u0113lmes\/s\u016bdz\u012bbas, izmantojot atsauksmju veidlapu vietnes apak\u0161\u0101 &#8220;Rakstiet mums&#8221;, kur lietot\u0101jam NAV j\u0101nor\u0101da savi personas dati, piem\u0113ram, pilns v\u0101rds, re\u0123istr\u0101cijas adrese, t\u0101lru\u0146a numurs, e-pasta adrese utt. Lietot\u0101jam ir ties\u012bbas nor\u0101d\u012bt jebkuru v\u0101rdu vai segv\u0101rdu p\u0113c pa\u0161a izv\u0113les, k\u0101 vi\u0146\u0161 v\u0113las, lai vi\u0146u uzrun\u0101. Lietot\u0101ja nor\u0101d\u012bto e-pasta adresi uz\u0146\u0113mums var izmantot tikai, lai atbild\u0113tu uz lietot\u0101ja piepras\u012bjumu.<\/p>\t\t\t\t\t\t\t\t<\/div>\n\t\t\t\t<\/div>\n\t\t\t\t<div class=\"elementor-element elementor-element-2d86986 elementor-widget elementor-widget-icon-box\" data-id=\"2d86986\" data-element_type=\"widget\" data-e-type=\"widget\" data-widget_type=\"icon-box.default\">\n\t\t\t\t<div class=\"elementor-widget-container\">\n\t\t\t\t\t\t\t<div class=\"elementor-icon-box-wrapper\">\n\n\t\t\t\n\t\t\t\t\t\t<div class=\"elementor-icon-box-content\">\n\n\t\t\t\t\t\t\t\t\t<h3 class=\"elementor-icon-box-title\">\n\t\t\t\t\t\t<a href=\"https:\/\/maccoffee.lv\/en\/\" >\n\t\t\t\t\t\t\tKAS IR S\u012aKMAKSAS?\t\t\t\t\t\t<\/a>\n\t\t\t\t\t<\/h3>\n\t\t\t\t\n\t\t\t\t\n\t\t\t<\/div>\n\t\t\t\n\t\t<\/div>\n\t\t\t\t\t\t<\/div>\n\t\t\t\t<\/div>\n\t\t\t\t<div class=\"elementor-element elementor-element-2cd960c elementor-widget elementor-widget-text-editor\" data-id=\"2cd960c\" data-element_type=\"widget\" data-e-type=\"widget\" data-widget_type=\"text-editor.default\">\n\t\t\t\t<div class=\"elementor-widget-container\">\n\t\t\t\t\t\t\t\t\t<p>S\u012bkdatnes ir viet\u0146u standarta sast\u0101vda\u013ca, kas \u013cauj mums saglab\u0101t j\u016bsu dator\u0101 nelielu datu apjomu par j\u016bsu vietnes apmekl\u0113jumu. Tos pla\u0161i izmanto, lai pal\u012bdz\u0113tu vietn\u0113m str\u0101d\u0101t vai str\u0101d\u0101t lab\u0101k, efekt\u012bv\u0101k, piem\u0113ram, atpaz\u012bstot j\u016bs un atceroties inform\u0101ciju, kas padar\u012bs t\u012bmek\u013ca lieto\u0161anu \u0113rt\u0101ku. S\u012bkdatnes ar\u012b pal\u012bdz mums uzzin\u0101t, kuras Vietnes jomas ir noder\u012bgas un kuras ir j\u0101uzlabo, un izsekot vietnes lietojumam, lai nodro\u0161in\u0101tu m\u0113r\u0137tiec\u012bgu rekl\u0101mu.<\/p><p>\u0160\u012b FUTURE ENTERPRISES PTE LTD s\u012bkdat\u0146u politika (\u201cS\u012bkdat\u0146u politika\u201d) apraksta da\u017e\u0101dus s\u012bkdat\u0146u veidus, kas tiek izmantoti saist\u012bb\u0101 ar vietni, kuru kontrol\u0113 Vietnes lieto\u0161anas noteikumos un\/vai rekl\u0101mas\/m\u0101rketinga kampa\u0146as veik\u0161anas noteikumos, kam pieder Vietne, vai l\u012bdz\u012bg\u0101 dokument\u0101 (turpm\u0101k \u201cS\u012bkdatnes piek\u013c\u016bstam\u201d) nor\u0101d\u012bt\u0101 juridisk\u0101 persona. FUTURE ENTERPRISES PTE LTD apstiprina \u0161aj\u0101 s\u012bkdat\u0146u politik\u0101 aprakst\u012btos datu apstr\u0101des l\u012bdzek\u013cus un m\u0113r\u0137us. FUTURE ENTERPRISES PTE LTD neapkopo un neapstr\u0101d\u0101 vietnes www.maccoffee.ua lietot\u0101ju personas datus un attiec\u012bgi nav datu operators Ukrainas likuma &#8220;Par personas datu aizsardz\u012bbu&#8221; izpratn\u0113. Lietot\u0101jam ir ties\u012bbas izv\u0113l\u0113ties, vai piekrist s\u012bkdat\u0146u izmanto\u0161anai pirms ieie\u0161anas \u0161aj\u0101 Vietn\u0113. \u0160\u012b S\u012bkdat\u0146u politika \u013cauj Lietot\u0101jam pie\u0146emt vai atteikties pie\u0146emt s\u012bkdat\u0146u kategorijas (iz\u0146emot stingri nepiecie\u0161am\u0101s s\u012bkdatnes, kuras var tikai noraid\u012bt). Ja jums ir k\u0101di jaut\u0101jumi, l\u016bdzu, sazinieties ar mums, izmantojot atsauksmju veidlapu &#8220;Rakstiet mums&#8221;, kas atrodas vietnes apak\u0161\u0101.<\/p>\t\t\t\t\t\t\t\t<\/div>\n\t\t\t\t<\/div>\n\t\t\t\t<div class=\"elementor-element elementor-element-e10bbf5 elementor-widget elementor-widget-icon-box\" data-id=\"e10bbf5\" data-element_type=\"widget\" data-e-type=\"widget\" data-widget_type=\"icon-box.default\">\n\t\t\t\t<div class=\"elementor-widget-container\">\n\t\t\t\t\t\t\t<div class=\"elementor-icon-box-wrapper\">\n\n\t\t\t\n\t\t\t\t\t\t<div class=\"elementor-icon-box-content\">\n\n\t\t\t\t\t\t\t\t\t<h3 class=\"elementor-icon-box-title\">\n\t\t\t\t\t\t<a href=\"https:\/\/maccoffee.lv\/en\/\" >\n\t\t\t\t\t\t\tPirm\u0101s un tre\u0161\u0101s puses s\u012bkfaili\t\t\t\t\t\t<\/a>\n\t\t\t\t\t<\/h3>\n\t\t\t\t\n\t\t\t\t\n\t\t\t<\/div>\n\t\t\t\n\t\t<\/div>\n\t\t\t\t\t\t<\/div>\n\t\t\t\t<\/div>\n\t\t\t\t<div class=\"elementor-element elementor-element-ac8ae07 elementor-widget elementor-widget-text-editor\" data-id=\"ac8ae07\" data-element_type=\"widget\" data-e-type=\"widget\" data-widget_type=\"text-editor.default\">\n\t\t\t\t<div class=\"elementor-widget-container\">\n\t\t\t\t\t\t\t\t\t<p>S\u012bkdatnes tiek lejupiel\u0101d\u0113tas Lietot\u0101ja interneta p\u0101rl\u016bkprogramm\u0101, pirmo reizi apmekl\u0113jot Vietni. N\u0101kamaj\u0101 vietnes apmekl\u0113juma reiz\u0113 no t\u0101s pa\u0161as ier\u012bces s\u012bkfails un taj\u0101 saglab\u0101t\u0101 inform\u0101cija tiek nos\u016bt\u012bta atpaka\u013c uz vietni, kas to \u0123ener\u0113ja (pirm\u0101s puses s\u012bkfaili), vai uz citu vietni, kurai t\u0101 pieder (tre\u0161\u0101s puses s\u012bkfaili). \u0160ie tre\u0161o pu\u0161u pakalpojumu sniedz\u0113ji iestata s\u012bkfailus, kad Lietot\u0101js apmekl\u0113 vi\u0146u lapas un Vietni. M\u0113s nevaram ietekm\u0113t \u0161o viet\u0146u s\u012bkfailu iestat\u012bjumus. L\u016bdzu, apmekl\u0113jiet tre\u0161o pu\u0161u pakalpojumu sniedz\u0113ju vietnes, lai ieg\u016btu papildinform\u0101ciju par to, k\u0101 vi\u0146i izmanto s\u012bkfailus.<\/p><p>Pirm\u0101s un tre\u0161\u0101s puses s\u012bkfaili \u013cauj vietnei atpaz\u012bt, vai Lietot\u0101js ir piek\u013cuvis Vietnei, izmantojot noteiktu p\u0101rl\u016bkprogrammu, lai da\u017e\u0101dotu pied\u0101v\u0101to saturu.<\/p><p>Ja Lietot\u0101js atsak\u0101s izmantot visas s\u012bkdatnes, netiks izmantotas neviena veida s\u012bkdatnes \u2013 ne pirm\u0101s puses, ne tre\u0161\u0101s puses. Starp abiem s\u012bkdat\u0146u veidiem NAV at\u0161\u0137ir\u012bbas.<\/p>\t\t\t\t\t\t\t\t<\/div>\n\t\t\t\t<\/div>\n\t\t\t\t<div class=\"elementor-element elementor-element-fa1b1a7 elementor-widget elementor-widget-icon-box\" data-id=\"fa1b1a7\" data-element_type=\"widget\" data-e-type=\"widget\" data-widget_type=\"icon-box.default\">\n\t\t\t\t<div class=\"elementor-widget-container\">\n\t\t\t\t\t\t\t<div class=\"elementor-icon-box-wrapper\">\n\n\t\t\t\n\t\t\t\t\t\t<div class=\"elementor-icon-box-content\">\n\n\t\t\t\t\t\t\t\t\t<h3 class=\"elementor-icon-box-title\">\n\t\t\t\t\t\t<a href=\"https:\/\/maccoffee.lv\/en\/\" >\n\t\t\t\t\t\t\tPast\u0101v\u012bg\u0101s un sesijas s\u012bkdatnes\t\t\t\t\t\t<\/a>\n\t\t\t\t\t<\/h3>\n\t\t\t\t\n\t\t\t\t\n\t\t\t<\/div>\n\t\t\t\n\t\t<\/div>\n\t\t\t\t\t\t<\/div>\n\t\t\t\t<\/div>\n\t\t\t\t<div class=\"elementor-element elementor-element-3c6b841 elementor-widget elementor-widget-text-editor\" data-id=\"3c6b841\" data-element_type=\"widget\" data-e-type=\"widget\" data-widget_type=\"text-editor.default\">\n\t\t\t\t<div class=\"elementor-widget-container\">\n\t\t\t\t\t\t\t\t\t<p>Atkar\u012bb\u0101 no to darb\u012bbas ilguma s\u012bkdatnes var klasific\u0113t k\u0101 &#8220;past\u0101v\u012bgas&#8221; un &#8220;sesijas&#8221;. Past\u0101v\u012bg\u0101s s\u012bkdatnes ir s\u012bkdatnes, kas tiek saglab\u0101tas j\u016bsu dator\u0101 l\u012bdz to der\u012bguma termi\u0146a beig\u0101m vai l\u012bdz br\u012bdim, kad Lietot\u0101js t\u0101s izdz\u0113\u0161. Sesijas s\u012bkfaili \u2013 s\u012bkfaili, kas tiek dz\u0113sti, kad Lietot\u0101js aizver p\u0101rl\u016bkprogrammu. Papildus s\u012bkdat\u0146u pie\u0146em\u0161anai, apmekl\u0113jot Vietni t\u0101l\u0101k aprakst\u012btaj\u0101 veid\u0101, Lietot\u0101js parasti var pie\u0146emt s\u012bkfailus, mainot p\u0101rl\u016bkprogrammas iestat\u012bjumus. Papildinform\u0101ciju skatiet n\u0101kamaj\u0101 sada\u013c\u0101 zem\u0101k.<\/p>\t\t\t\t\t\t\t\t<\/div>\n\t\t\t\t<\/div>\n\t\t\t\t<div class=\"elementor-element elementor-element-b3973a7 elementor-widget elementor-widget-icon-box\" data-id=\"b3973a7\" data-element_type=\"widget\" data-e-type=\"widget\" data-widget_type=\"icon-box.default\">\n\t\t\t\t<div class=\"elementor-widget-container\">\n\t\t\t\t\t\t\t<div class=\"elementor-icon-box-wrapper\">\n\n\t\t\t\n\t\t\t\t\t\t<div class=\"elementor-icon-box-content\">\n\n\t\t\t\t\t\t\t\t\t<h3 class=\"elementor-icon-box-title\">\n\t\t\t\t\t\t<a href=\"https:\/\/maccoffee.lv\/en\/\" >\n\t\t\t\t\t\t\tK\u0100 P\u0100RVALD\u012aT S\u012aKDA\u013bAUS?\t\t\t\t\t\t<\/a>\n\t\t\t\t\t<\/h3>\n\t\t\t\t\n\t\t\t\t\n\t\t\t<\/div>\n\t\t\t\n\t\t<\/div>\n\t\t\t\t\t\t<\/div>\n\t\t\t\t<\/div>\n\t\t\t\t<div class=\"elementor-element elementor-element-9b1fe21 elementor-widget elementor-widget-text-editor\" data-id=\"9b1fe21\" data-element_type=\"widget\" data-e-type=\"widget\" data-widget_type=\"text-editor.default\">\n\t\t\t\t<div class=\"elementor-widget-container\">\n\t\t\t\t\t\t\t\t\t<p>Atteikties no s\u012bkfailiem<\/p><p>Lietot\u0101jam ir iesp\u0113ja piekrist s\u012bkdat\u0146u izmanto\u0161anai, kas \u013cauj p\u0113d\u0113jam bez ierobe\u017eojumiem izmantot visas vietnes funkcijas t\u0101s apmekl\u0113juma laik\u0101. Ja Lietot\u0101js atsak\u0101s izmantot stingri nepiecie\u0161am\u0101s s\u012bkdatnes, tas var ietekm\u0113t vietnes lieto\u0161anas pieredzi un funkcionalit\u0101ti t\u0101s lieto\u0161anas laik\u0101. Citu s\u012bkdat\u0146u izmanto\u0161anas atteikums, visticam\u0101k, neietekm\u0113s vietnes lieto\u0161anas pieredzi un funkcionalit\u0101ti.<br \/>Ja Lietot\u0101js atsak\u0101s izmantot visas s\u012bkdatnes, pirm\u0101s un tre\u0161\u0101s puses s\u012bkfaili tiks deaktiviz\u0113ti. Turkl\u0101t pirm\u0101s puses s\u012bkfaili tiks dz\u0113sti. Uz\u0146\u0113mums nevar izdz\u0113st nek\u0101dus tre\u0161o personu s\u012bkfailus. Lietot\u0101jam pa\u0161am ir j\u0101izdz\u0113\u0161 tre\u0161\u0101s puses s\u012bkfaili, izmantojot p\u0101rl\u016bkprogrammas iestat\u012bjumus.<\/p><p>Deaktiviz\u0113jiet un\/vai dz\u0113siet s\u012bkfailus, izmantojot p\u0101rl\u016bkprogrammu<\/p><p>Alternat\u012bvi un\/vai papildus Lietot\u0101js var main\u012bt savus s\u012bkfailu iestat\u012bjumus, izmantojot interneta p\u0101rl\u016bkprogrammu. Interneta p\u0101rl\u016bkprogramma \u013cauj Lietot\u0101jam main\u012bt s\u012bkdat\u0146u iestat\u012bjumus. \u0160\u0101dus s\u012bkfailu iestat\u012bjumus parasti var atrast j\u016bsu interneta p\u0101rl\u016bkprogrammas izv\u0113ln\u0113 &#8220;Iestat\u012bjumi&#8221;, &#8220;R\u012bki&#8221; vai &#8220;Preferences&#8221;. Lietot\u0101js inform\u0101ciju var atrast ar\u012b p\u0101rl\u016bkprogrammas izv\u0113ln\u0113 &#8220;Pal\u012bdz\u012bba&#8221;. Da\u017e\u0101das p\u0101rl\u016bkprogrammas s\u012bkfailu deaktiviz\u0113\u0161anai var izmantot da\u017e\u0101dus meh\u0101nismus.<\/p>\t\t\t\t\t\t\t\t<\/div>\n\t\t\t\t<\/div>\n\t\t\t\t<div class=\"elementor-element elementor-element-9d7f58c elementor-widget elementor-widget-icon-box\" data-id=\"9d7f58c\" data-element_type=\"widget\" data-e-type=\"widget\" data-widget_type=\"icon-box.default\">\n\t\t\t\t<div class=\"elementor-widget-container\">\n\t\t\t\t\t\t\t<div class=\"elementor-icon-box-wrapper\">\n\n\t\t\t\n\t\t\t\t\t\t<div class=\"elementor-icon-box-content\">\n\n\t\t\t\t\t\t\t\t\t<h3 class=\"elementor-icon-box-title\">\n\t\t\t\t\t\t<a href=\"https:\/\/maccoffee.lv\/en\/\" >\n\t\t\t\t\t\t\tK\u0100DU VEIDU S\u012aKDEK\u013bU VEIDU M\u0112S IZMANTOJAM?\t\t\t\t\t\t<\/a>\n\t\t\t\t\t<\/h3>\n\t\t\t\t\n\t\t\t\t\n\t\t\t<\/div>\n\t\t\t\n\t\t<\/div>\n\t\t\t\t\t\t<\/div>\n\t\t\t\t<\/div>\n\t\t\t\t<div class=\"elementor-element elementor-element-e2d384b elementor-widget elementor-widget-text-editor\" data-id=\"e2d384b\" data-element_type=\"widget\" data-e-type=\"widget\" data-widget_type=\"text-editor.default\">\n\t\t\t\t<div class=\"elementor-widget-container\">\n\t\t\t\t\t\t\t\t\t<p>Zem\u0101k m\u0113s uzskait\u0101m da\u017e\u0101dus s\u012bkfailu veidus, ko m\u0113s un tre\u0161\u0101s puses izmantojam vietn\u0113: stingri nepiecie\u0161amie s\u012bkfaili, veiktsp\u0113jas s\u012bkfaili, funkcion\u0101lie s\u012bkfaili, m\u0113r\u0137a s\u012bkfaili un soci\u0101lo t\u012bklu s\u012bkfaili.<\/p><p>Noteikti nepiecie\u0161amie s\u012bkfaili<\/p><p>Oblig\u0101ti nepiecie\u0161am\u0101s s\u012bkdatnes nodro\u0161ina funkcijas, bez kur\u0101m Lietot\u0101js nevar izmantot \u0161o Vietni, un, cita starp\u0101, nodro\u0161ina, ka, Lietot\u0101jam pieprasot vietnes funkcionalit\u0101ti, Lietot\u0101jam tiek par\u0101d\u012bta versija, kur\u0101 ir pla\u0161s datu kl\u0101sts, kas atbilst Lietot\u0101ja izmantotajam interneta savienojumam. Turkl\u0101t, ja Lietot\u0101js maina lapas, \u0161\u0101das s\u012bkdatnes nodro\u0161ina, ka tiek aktiviz\u0113ta funkcija http protokola aizst\u0101\u0161anai ar https protokolu. Turkl\u0101t \u0161\u0101da veida s\u012bkdatn\u0113s tiek saglab\u0101ta inform\u0101cija par j\u016bsu l\u0113mumu izmantot s\u012bkdatnes Uz\u0146\u0113muma t\u012bmek\u013ca vietn\u0113.<\/p><p>Konkr\u0113ti, Uz\u0146\u0113mums izmanto \u0161\u0101das stingri nepiecie\u0161am\u0101s s\u012bkdatnes:<\/p><p>S\u012bkdatnes, kas tiek izmantotas tikai inform\u0101cijas p\u0101rs\u016bt\u012b\u0161anai internet\u0101;<br \/>S\u012bkdatnes, kas ir oblig\u0101ti nepiecie\u0161amas, lai Lietot\u0101jam sniegtu pakalpojumu, kas ir tie\u0161i piepras\u012bts (piem\u0113ram, ja \u0161\u012bs s\u012bkdatnes ir deaktiviz\u0113tas, m\u0113s nevar\u0113sim nodro\u0161in\u0101t Lietot\u0101ja piepras\u012bto pakalpojumu).<br \/>Stingri nepiecie\u0161amo s\u012bkdat\u0146u izmanto\u0161ana iepriek\u0161 aprakst\u012btajiem nol\u016bkiem ir balst\u012bta uz likum\u012bg\u0101m interes\u0113m, lai nodro\u0161in\u0101tu pareizu tehnisko darb\u012bbu, piek\u013cuvi Vietnei un t\u0101s izmanto\u0161anu, k\u0101 ar\u012b to pakalpojumu snieg\u0161anu, kurus Lietot\u0101js ir tie\u0161i piepras\u012bjis.<\/p><p>Izpildvaras s\u012bkfaili<\/p><p>\u0160\u0101da veida s\u012bkdatnes tiek izmantotas, lai sniegtu statistisku inform\u0101ciju par Uz\u0146\u0113muma Vietnes darb\u012bbu (piem\u0113ram, apmekl\u0113jumu skaita, trafika avotu skait\u012b\u0161anai).<\/p><p>Funkcion\u0101l\u0101s s\u012bkdatnes<\/p><p>\u0160is s\u012bkfailu veids \u013cauj Vietnei atcer\u0113ties Lietot\u0101ja izdar\u012bt\u0101s izv\u0113les un nodro\u0161in\u0101t uzlabotu, personaliz\u0113t\u0101ku pakalpojumu. \u0160aj\u0101 kategorij\u0101 var b\u016bt iek\u013cauti tre\u0161o pu\u0161u s\u012bkfaili.<\/p><p>S\u012bkfailu m\u0113r\u0137auditorijas atlase<\/p><p>M\u0113r\u0137a s\u012bkfaili ir iestat\u012bti, lai par\u0101d\u012btu m\u0113r\u0137tiec\u012bgu rekl\u0101mu, pamatojoties uz j\u016bsu interes\u0113m Vietn\u0113, vai lai p\u0101rvald\u012btu m\u016bsu rekl\u0101mu. \u0160\u012bs s\u012bkdatnes apkopo inform\u0101ciju par j\u016bsu darb\u012bb\u0101m \u0161aj\u0101 Vietn\u0113 un cit\u0101s vietn\u0113s, lai nodro\u0161in\u0101tu jums m\u0113r\u0137tiec\u012bgu rekl\u0101mu.<\/p><p>Soci\u0101lo t\u012bklu s\u012bkfaili<\/p><p>Apkopot inform\u0101ciju par soci\u0101lo t\u012bklu izmanto\u0161anu, lai izveidotu Lietot\u0101ja profilu.<\/p>\t\t\t\t\t\t\t\t<\/div>\n\t\t\t\t<\/div>\n\t\t\t\t<div class=\"elementor-element elementor-element-8938981 elementor-widget elementor-widget-spacer\" data-id=\"8938981\" data-element_type=\"widget\" data-e-type=\"widget\" data-widget_type=\"spacer.default\">\n\t\t\t\t<div class=\"elementor-widget-container\">\n\t\t\t\t\t\t\t<div class=\"elementor-spacer\">\n\t\t\t<div class=\"elementor-spacer-inner\"><\/div>\n\t\t<\/div>\n\t\t\t\t\t\t<\/div>\n\t\t\t\t<\/div>\n\t\t\t\t<div class=\"elementor-element elementor-element-81061ac elementor-widget elementor-widget-spacer\" data-id=\"81061ac\" data-element_type=\"widget\" data-e-type=\"widget\" data-widget_type=\"spacer.default\">\n\t\t\t\t<div class=\"elementor-widget-container\">\n\t\t\t\t\t\t\t<div class=\"elementor-spacer\">\n\t\t\t<div class=\"elementor-spacer-inner\"><\/div>\n\t\t<\/div>\n\t\t\t\t\t\t<\/div>\n\t\t\t\t<\/div>\n\t\t\t\t<\/div>\n\t\t\t\t<\/div>\n\t\t\t\t<\/div>","protected":false},"excerpt":{"rendered":"<p>Priv\u0101tuma politika FUTURE ENTERPRISES PTE LTD (turpm\u0101k tekst\u0101 &#8220;Uz\u0146\u0113mums&#8221;) neapkopo un neapstr\u0101d\u0101 vietnes www.maccoffee.ua (turpm\u0101k tekst\u0101 &#8220;Vietne&#8221;) lietot\u0101ju personas datus. [&hellip;]<\/p>\n","protected":false},"author":1,"featured_media":0,"parent":0,"menu_order":0,"comment_status":"closed","ping_status":"closed","template":"","meta":{"site-sidebar-layout":"no-sidebar","site-content-layout":"","ast-site-content-layout":"full-width-container","site-content-style":"default","site-sidebar-style":"default","ast-global-header-display":"","ast-banner-title-visibility":"","ast-main-header-display":"","ast-hfb-above-header-display":"","ast-hfb-below-header-display":"","ast-hfb-mobile-header-display":"","site-post-title":"disabled","ast-breadcrumbs-content":"","ast-featured-img":"disabled","footer-sml-layout":"","ast-disable-related-posts":"","theme-transparent-header-meta":"","adv-header-id-meta":"","stick-header-meta":"","header-above-stick-meta":"","header-main-stick-meta":"","header-below-stick-meta":"","astra-migrate-meta-layouts":"default","ast-page-background-enabled":"default","ast-page-background-meta":{"desktop":{"background-color":"var(--ast-global-color-4)","background-image":"","background-repeat":"repeat","background-position":"center center","background-size":"auto","background-attachment":"scroll","background-type":"","background-media":"","overlay-type":"","overlay-color":"","overlay-opacity":"","overlay-gradient":""},"tablet":{"background-color":"","background-image":"","background-repeat":"repeat","background-position":"center center","background-size":"auto","background-attachment":"scroll","background-type":"","background-media":"","overlay-type":"","overlay-color":"","overlay-opacity":"","overlay-gradient":""},"mobile":{"background-color":"","background-image":"","background-repeat":"repeat","background-position":"center center","background-size":"auto","background-attachment":"scroll","background-type":"","background-media":"","overlay-type":"","overlay-color":"","overlay-opacity":"","overlay-gradient":""}},"ast-content-background-meta":{"desktop":{"background-color":"var(--ast-global-color-5)","background-image":"","background-repeat":"repeat","background-position":"center center","background-size":"auto","background-attachment":"scroll","background-type":"","background-media":"","overlay-type":"","overlay-color":"","overlay-opacity":"","overlay-gradient":""},"tablet":{"background-color":"var(--ast-global-color-5)","background-image":"","background-repeat":"repeat","background-position":"center center","background-size":"auto","background-attachment":"scroll","background-type":"","background-media":"","overlay-type":"","overlay-color":"","overlay-opacity":"","overlay-gradient":""},"mobile":{"background-color":"var(--ast-global-color-5)","background-image":"","background-repeat":"repeat","background-position":"center center","background-size":"auto","background-attachment":"scroll","background-type":"","background-media":"","overlay-type":"","overlay-color":"","overlay-opacity":"","overlay-gradient":""}},"footnotes":""},"class_list":["post-4998","page","type-page","status-publish","hentry"],"_links":{"self":[{"href":"https:\/\/maccoffee.lv\/en\/wp-json\/wp\/v2\/pages\/4998","targetHints":{"allow":["GET"]}}],"collection":[{"href":"https:\/\/maccoffee.lv\/en\/wp-json\/wp\/v2\/pages"}],"about":[{"href":"https:\/\/maccoffee.lv\/en\/wp-json\/wp\/v2\/types\/page"}],"author":[{"embeddable":true,"href":"https:\/\/maccoffee.lv\/en\/wp-json\/wp\/v2\/users\/1"}],"replies":[{"embeddable":true,"href":"https:\/\/maccoffee.lv\/en\/wp-json\/wp\/v2\/comments?post=4998"}],"version-history":[{"count":3,"href":"https:\/\/maccoffee.lv\/en\/wp-json\/wp\/v2\/pages\/4998\/revisions"}],"predecessor-version":[{"id":7266,"href":"https:\/\/maccoffee.lv\/en\/wp-json\/wp\/v2\/pages\/4998\/revisions\/7266"}],"wp:attachment":[{"href":"https:\/\/maccoffee.lv\/en\/wp-json\/wp\/v2\/media?parent=4998"}],"curies":[{"name":"wp","href":"https:\/\/api.w.org\/{rel}","templated":true}]}}